{"id":494,"date":"2020-02-02T17:46:23","date_gmt":"2020-02-02T17:46:23","guid":{"rendered":"https:\/\/bodzavendeghaz.hu\/sehenswuerdigkeiten\/"},"modified":"2020-02-03T06:22:52","modified_gmt":"2020-02-03T06:22:52","slug":"sehenswuerdigkeiten","status":"publish","type":"page","link":"https:\/\/bodzavendeghaz.hu\/de\/sehenswuerdigkeiten\/","title":{"rendered":"Sehensw\u00fcrdigkeiten"},"content":{"rendered":"<p>[et_pb_section fb_built=&#8220;1&#8243; admin_label=&#8220;Header&#8220; _builder_version=&#8220;4.0.11&#8243; overflow-x=&#8220;hidden&#8220; custom_padding=&#8220;|||||&#8220;][et_pb_row column_structure=&#8220;1_2,1_2&#8243; _builder_version=&#8220;3.25&#8243;][et_pb_column type=&#8220;1_2&#8243; _builder_version=&#8220;3.25&#8243; custom_padding=&#8220;|||&#8220; custom_padding__hover=&#8220;|||&#8220;][et_pb_text _builder_version=&#8220;4.2.2&#8243; text_font=&#8220;Montserrat|300|||||||&#8220; text_font_size=&#8220;22px&#8220; text_line_height=&#8220;1.8em&#8220; header_font=&#8220;Freepn3|700|||||||&#8220; header_font_size=&#8220;80px&#8220; header_line_height=&#8220;1.2em&#8220; custom_padding=&#8220;130px||||false|false&#8220; text_font_size_tablet=&#8220;&#8220; text_font_size_phone=&#8220;18px&#8220; text_font_size_last_edited=&#8220;on|phone&#8220; header_font_size_tablet=&#8220;60px&#8220; header_font_size_phone=&#8220;36px&#8220; header_font_size_last_edited=&#8220;on|phone&#8220;]<\/p>\n<h1>Sehensw\u00fcrdigkeiten<\/h1>\n<p>[\/et_pb_text][\/et_pb_column][et_pb_column type=&#8220;1_2&#8243; _builder_version=&#8220;3.25&#8243; custom_padding=&#8220;|||&#8220; custom_padding__hover=&#8220;|||&#8220;][et_pb_image src=&#8220;https:\/\/bodzavendeghaz.hu\/wp-content\/uploads\/2019\/12\/sight-seeing-44.png&#8220; _builder_version=&#8220;4.0.11&#8243; background_image=&#8220;https:\/\/bodzavendeghaz.hu\/wp-content\/uploads\/2020\/01\/bazilika.jpg&#8220; transform_scale=&#8220;170%|170%&#8220; transform_scale_tablet=&#8220;100%|100%&#8220; transform_scale_phone=&#8220;&#8220; transform_scale_last_edited=&#8220;on|desktop&#8220; transform_translate_tablet=&#8220;&#8220; transform_translate_phone=&#8220;&#8220; transform_translate_last_edited=&#8220;on|desktop&#8220; transform_rotate_tablet=&#8220;&#8220; transform_rotate_phone=&#8220;&#8220; transform_rotate_last_edited=&#8220;on|desktop&#8220; transform_skew_tablet=&#8220;&#8220; transform_skew_phone=&#8220;&#8220; transform_skew_last_edited=&#8220;on|desktop&#8220; transform_origin=&#8220;0%|100%&#8220; transform_origin_tablet=&#8220;&#8220; transform_origin_phone=&#8220;&#8220; transform_origin_last_edited=&#8220;on|desktop&#8220; transform_styles_last_edited=&#8220;on|desktop&#8220; max_width_tablet=&#8220;400px&#8220; max_width_phone=&#8220;&#8220; max_width_last_edited=&#8220;on|desktop&#8220; custom_margin=&#8220;||-80px|4px&#8220; custom_margin_tablet=&#8220;0px|0vw||&#8220; custom_margin_last_edited=&#8220;off|tablet&#8220; transform_styles_tablet=&#8220;&#8220; transform_styles_phone=&#8220;&#8220;][\/et_pb_image][\/et_pb_column][\/et_pb_row][et_pb_row column_structure=&#8220;2_5,3_5&#8243; _builder_version=&#8220;3.25&#8243;][et_pb_column type=&#8220;2_5&#8243; _builder_version=&#8220;3.25&#8243; custom_padding=&#8220;|||&#8220; custom_padding__hover=&#8220;|||&#8220;][et_pb_divider color=&#8220;#000000&#8243; divider_weight=&#8220;5px&#8220; _builder_version=&#8220;3.23.3&#8243; width=&#8220;150px&#8220;][\/et_pb_divider][et_pb_text _builder_version=&#8220;4.2.2&#8243; text_font=&#8220;Montserrat|300|||||||&#8220; text_font_size=&#8220;18px&#8220; text_line_height=&#8220;1.8em&#8220; header_2_font=&#8220;Freepn3||||||||&#8220; header_2_font_size=&#8220;32px&#8220; text_font_size_tablet=&#8220;&#8220; text_font_size_phone=&#8220;15px&#8220; text_font_size_last_edited=&#8220;on|desktop&#8220;]<\/p>\n<h2>Demj\u00e9n<\/h2>\n<p>Das Erlebnisbad von dem demjener Thermaltal ist mit einigen Gehminuten erreichbar. Das Bad und Salzh\u00fcgel in Egerszal\u00f3k zu erreichen braucht man auch nicht l\u00e4nger als 5 Minuten Autofahrt.<\/p>\n<p>M\u00f6chten Sie vielleicht zum Strand? Der Strand von Eger erwartet Sie auch sogar mit einem t\u00fcrkischen Jodbad.<\/p>\n<p><a href=\"https:\/\/demjencascade.hu\/\" target=\"_blank\" rel=\"noopener noreferrer\">Demj\u00e9ni Term\u00e1l V\u00f6lgy<\/a><br \/>\n<a href=\"http:\/\/www.demjentermalto.hu\/\" target=\"_blank\" rel=\"noopener noreferrer\">Term\u00e1l t\u00f3<\/a>[\/et_pb_text][\/et_pb_column][et_pb_column type=&#8220;3_5&#8243; _builder_version=&#8220;3.25&#8243; custom_padding=&#8220;|||&#8220; custom_padding__hover=&#8220;|||&#8220;][et_pb_image src=&#8220;https:\/\/bodzavendeghaz.hu\/wp-content\/uploads\/2020\/01\/demjeni-furdo.jpg&#8220; _builder_version=&#8220;4.0.11&#8243; transform_translate=&#8220;10vw|0px&#8220; transform_translate_linked=&#8220;off&#8220; custom_margin=&#8220;-200px|||||&#8220; custom_margin_tablet=&#8220;20px||&#8220; custom_margin_phone=&#8220;&#8220; custom_margin_last_edited=&#8220;on|desktop&#8220; border_width_all=&#8220;30px&#8220; border_color_all=&#8220;#ffffff&#8220; box_shadow_style=&#8220;preset3&#8243; box_shadow_horizontal=&#8220;5px&#8220; box_shadow_vertical=&#8220;25px&#8220; box_shadow_blur=&#8220;105px&#8220; box_shadow_spread=&#8220;-30px&#8220; box_shadow_color=&#8220;rgba(0,0,0,0.25)&#8220;][\/et_pb_image][et_pb_image src=&#8220;https:\/\/bodzavendeghaz.hu\/wp-content\/uploads\/2020\/01\/barlangfurdo.jpg&#8220; _builder_version=&#8220;4.0.11&#8243; max_width=&#8220;400px&#8220; custom_margin=&#8220;-375px||160px|||&#8220; custom_padding=&#8220;|||||&#8220; border_width_all=&#8220;7px&#8220; border_color_all=&#8220;#ffffff&#8220; box_shadow_style=&#8220;preset3&#8243; box_shadow_vertical=&#8220;56px&#8220; box_shadow_blur=&#8220;65px&#8220; box_shadow_spread=&#8220;-15px&#8220; box_shadow_color=&#8220;rgba(0,0,0,0.4)&#8220;][\/et_pb_image][\/et_pb_column][\/et_pb_row][\/et_pb_section][et_pb_section fb_built=&#8220;1&#8243; admin_label=&#8220;Header&#8220; _builder_version=&#8220;4.0.11&#8243; overflow-x=&#8220;hidden&#8220; custom_padding=&#8220;|||||&#8220;][et_pb_row column_structure=&#8220;3_5,2_5&#8243; _builder_version=&#8220;3.25&#8243;][et_pb_column type=&#8220;3_5&#8243; _builder_version=&#8220;3.25&#8243; custom_padding=&#8220;|||&#8220; custom_padding__hover=&#8220;|||&#8220;][et_pb_gallery gallery_ids=&#8220;445,443,439&#8243; gallery_orderby=&#8220;rand&#8220; fullwidth=&#8220;on&#8220; _builder_version=&#8220;4.2.2&#8243; hover_enabled=&#8220;0&#8243;][\/et_pb_gallery][\/et_pb_column][et_pb_column type=&#8220;2_5&#8243; _builder_version=&#8220;3.25&#8243; custom_padding=&#8220;|||&#8220; custom_padding__hover=&#8220;|||&#8220;][et_pb_divider color=&#8220;#000000&#8243; divider_weight=&#8220;5px&#8220; _builder_version=&#8220;3.23.3&#8243; width=&#8220;150px&#8220;][\/et_pb_divider][et_pb_text _builder_version=&#8220;4.0.11&#8243; text_font=&#8220;Montserrat|300|||||||&#8220; text_font_size=&#8220;18px&#8220; text_line_height=&#8220;1.8em&#8220; header_2_font=&#8220;Freepn3||||||||&#8220; header_2_font_size=&#8220;32px&#8220; text_font_size_tablet=&#8220;&#8220; text_font_size_phone=&#8220;15px&#8220; text_font_size_last_edited=&#8220;on|desktop&#8220;]<\/p>\n<h2>Eger<\/h2>\n<p>Eger ist die Residenz von Bundesland Heves, historische Stadt mit vielen Denkmalen, Museen, und mit der ber\u00fchmten Burg mitten im Ort. In der Altstadt sind verschiedene kulinarische Attraktionen, Restaurants, Konditoreien zu finden.<\/p>\n<p><a href=\"http:\/\/www.egrivar.hu\/fooldal\" target=\"_blank\" rel=\"noopener noreferrer\">Egri v\u00e1r<\/a><br \/>\n<a href=\"http:\/\/www.eger-bazilika.plebania.hu\/\" target=\"_blank\" rel=\"noopener noreferrer\">Bazilika<\/a><br \/>\n<a href=\"http:\/\/www.minareteger.hu\/\" target=\"_blank\" rel=\"noopener noreferrer\">Minaret<\/a><br \/>\n<a href=\"https:\/\/www.varazstorony.hu\/\" target=\"_blank\" rel=\"noopener noreferrer\">Var\u00e1zstorony<\/a>[\/et_pb_text][\/et_pb_column][\/et_pb_row][\/et_pb_section][et_pb_section fb_built=&#8220;1&#8243; admin_label=&#8220;Header&#8220; _builder_version=&#8220;4.0.11&#8243; overflow-x=&#8220;hidden&#8220; custom_padding=&#8220;|||||&#8220;][et_pb_row column_structure=&#8220;2_5,3_5&#8243; _builder_version=&#8220;3.25&#8243;][et_pb_column type=&#8220;2_5&#8243; _builder_version=&#8220;3.25&#8243; custom_padding=&#8220;|||&#8220; custom_padding__hover=&#8220;|||&#8220;][et_pb_divider color=&#8220;#000000&#8243; divider_weight=&#8220;5px&#8220; _builder_version=&#8220;3.23.3&#8243; width=&#8220;150px&#8220;][\/et_pb_divider][et_pb_text _builder_version=&#8220;4.0.11&#8243; text_font=&#8220;Montserrat|300|||||||&#8220; text_font_size=&#8220;18px&#8220; text_line_height=&#8220;1.8em&#8220; header_2_font=&#8220;Freepn3||||||||&#8220; header_2_font_size=&#8220;32px&#8220; text_font_size_tablet=&#8220;&#8220; text_font_size_phone=&#8220;15px&#8220; text_font_size_last_edited=&#8220;on|desktop&#8220;]<\/p>\n<h2>Wein<\/h2>\n<p>Die historische Weinregion Eger ist eine von den \u00e4ltesten Weingebieten von Ungarn. Zahlreiche kleine Familienweinkeller bieten Weinproben f\u00fcr die Besucher von der Region.<\/p>\n<p>Eger \u2013 Sz\u00e9passzony tal, Noszvaj, Ostoros, Egerszal\u00f3k, nur einige Beispiele, um gute Weinquelle zu finden.<\/p>\n<p><a href=\"http:\/\/www.szepasszonyvolgy.info\/\" target=\"_blank\" rel=\"noopener noreferrer\">Tov\u00e1bbi inform\u00e1ci\u00f3.<\/a>[\/et_pb_text][\/et_pb_column][et_pb_column type=&#8220;3_5&#8243; _builder_version=&#8220;3.25&#8243; custom_padding=&#8220;|||&#8220; custom_padding__hover=&#8220;|||&#8220;][et_pb_image src=&#8220;https:\/\/bodzavendeghaz.hu\/wp-content\/uploads\/2020\/01\/wine.jpg&#8220; _builder_version=&#8220;4.0.11&#8243;][\/et_pb_image][\/et_pb_column][\/et_pb_row][\/et_pb_section][et_pb_section fb_built=&#8220;1&#8243; admin_label=&#8220;Header&#8220; _builder_version=&#8220;4.0.11&#8243; overflow-x=&#8220;hidden&#8220; custom_padding=&#8220;|||||&#8220;][et_pb_row column_structure=&#8220;3_5,2_5&#8243; _builder_version=&#8220;3.25&#8243;][et_pb_column type=&#8220;3_5&#8243; _builder_version=&#8220;3.25&#8243; custom_padding=&#8220;|||&#8220; custom_padding__hover=&#8220;|||&#8220;][et_pb_image src=&#8220;https:\/\/bodzavendeghaz.hu\/wp-content\/uploads\/2020\/01\/turautak.jpg&#8220; _builder_version=&#8220;4.0.11&#8243;][\/et_pb_image][\/et_pb_column][et_pb_column type=&#8220;2_5&#8243; _builder_version=&#8220;3.25&#8243; custom_padding=&#8220;|||&#8220; custom_padding__hover=&#8220;|||&#8220;][et_pb_divider color=&#8220;#000000&#8243; divider_weight=&#8220;5px&#8220; _builder_version=&#8220;3.23.3&#8243; width=&#8220;150px&#8220;][\/et_pb_divider][et_pb_text _builder_version=&#8220;4.0.11&#8243; text_font=&#8220;Montserrat|300|||||||&#8220; text_font_size=&#8220;18px&#8220; text_line_height=&#8220;1.8em&#8220; header_2_font=&#8220;Freepn3||||||||&#8220; header_2_font_size=&#8220;32px&#8220; text_font_size_tablet=&#8220;&#8220; text_font_size_phone=&#8220;15px&#8220; text_font_size_last_edited=&#8220;on|desktop&#8220;]<\/p>\n<h2>Tour<\/h2>\n<p>Der N\u00e4he von B\u00fckk und M\u00e1tra bietet die M\u00f6glichkeit die Zeit in der Region aktiv zu verbringen. Die Wanderwege warten auf Entdeckung, zu Fuss oder auch auf R\u00e4dern.[\/et_pb_text][\/et_pb_column][\/et_pb_row][\/et_pb_section][et_pb_section fb_built=&#8220;1&#8243; admin_label=&#8220;Header&#8220; _builder_version=&#8220;4.0.11&#8243; overflow-x=&#8220;hidden&#8220; custom_padding=&#8220;|||||&#8220;][et_pb_row column_structure=&#8220;2_5,3_5&#8243; _builder_version=&#8220;3.25&#8243;][et_pb_column type=&#8220;2_5&#8243; _builder_version=&#8220;3.25&#8243; custom_padding=&#8220;|||&#8220; custom_padding__hover=&#8220;|||&#8220;][et_pb_divider color=&#8220;#000000&#8243; divider_weight=&#8220;5px&#8220; _builder_version=&#8220;3.23.3&#8243; width=&#8220;150px&#8220;][\/et_pb_divider][et_pb_text _builder_version=&#8220;4.0.11&#8243; text_font=&#8220;Montserrat|300|||||||&#8220; text_font_size=&#8220;18px&#8220; text_line_height=&#8220;1.8em&#8220; header_2_font=&#8220;Freepn3||||||||&#8220; header_2_font_size=&#8220;32px&#8220; text_font_size_tablet=&#8220;&#8220; text_font_size_phone=&#8220;15px&#8220; text_font_size_last_edited=&#8220;on|desktop&#8220;]<\/p>\n<h2>Egerszal\u00f3k<\/h2>\n<p>Der europaweit einzigartige Salzh\u00fcgel in Egerszal\u00f3k liegt von unserem Gasthaus 5 Minuten, wenn man mit dem Auto dahin f\u00e4hrt. Das Thermalwasser, das aus unterirdischen Quellen die Erdoberfl\u00e4che erreicht hat, l\u00e4sste 1200 Quadratmeter grosse Salzanlagerung hinter sich.<\/p>\n<p>Die H\u00f6hlewohnungen in der S\u00e1fr\u00e1ny Strasse sind auf jeden Fall sehenswert.[\/et_pb_text][\/et_pb_column][et_pb_column type=&#8220;3_5&#8243; _builder_version=&#8220;3.25&#8243; custom_padding=&#8220;|||&#8220; custom_padding__hover=&#8220;|||&#8220;][et_pb_image src=&#8220;https:\/\/bodzavendeghaz.hu\/wp-content\/uploads\/2020\/01\/egerszalok.jpg&#8220; _builder_version=&#8220;4.0.11&#8243;][\/et_pb_image][\/et_pb_column][\/et_pb_row][\/et_pb_section]<\/p>\n","protected":false},"excerpt":{"rendered":"<p>Sehensw\u00fcrdigkeitenDemj\u00e9n Das Erlebnisbad von dem demjener Thermaltal ist mit einigen Gehminuten erreichbar. Das Bad und Salzh\u00fcgel in Egerszal\u00f3k zu erreichen braucht man auch nicht l\u00e4nger als 5 Minuten Autofahrt. M\u00f6chten Sie vielleicht zum Strand? Der Strand von Eger erwartet Sie auch sogar mit einem t\u00fcrkischen Jodbad. Demj\u00e9ni Term\u00e1l V\u00f6lgy Term\u00e1l t\u00f3Eger Eger ist die Residenz [&hellip;]<\/p>\n","protected":false},"author":1,"featured_media":0,"parent":0,"menu_order":0,"comment_status":"closed","ping_status":"closed","template":"","meta":{"_et_pb_use_builder":"on","_et_pb_old_content":"","_et_gb_content_width":"","footnotes":""},"class_list":["post-494","page","type-page","status-publish","hentry"],"yoast_head":"<!-- This site is optimized with the Yoast SEO Premium plugin v15.2.1 - https:\/\/yoast.com\/wordpress\/plugins\/seo\/ -->\n<title>Sehensw\u00fcrdigkeiten - Bodza Vend\u00e9gh\u00e1z<\/title>\n<meta name=\"robots\" content=\"index, follow, max-snippet:-1, max-image-preview:large, max-video-preview:-1\" \/>\n<link rel=\"canonical\" href=\"https:\/\/bodzavendeghaz.hu\/de\/sehenswuerdigkeiten\/\" \/>\n<meta property=\"og:locale\" content=\"de_DE\" \/>\n<meta property=\"og:type\" content=\"article\" \/>\n<meta property=\"og:title\" content=\"Sehensw\u00fcrdigkeiten - Bodza Vend\u00e9gh\u00e1z\" \/>\n<meta property=\"og:description\" content=\"Sehensw\u00fcrdigkeitenDemj\u00e9n Das Erlebnisbad von dem demjener Thermaltal ist mit einigen Gehminuten erreichbar. Das Bad und Salzh\u00fcgel in Egerszal\u00f3k zu erreichen braucht man auch nicht l\u00e4nger als 5 Minuten Autofahrt. M\u00f6chten Sie vielleicht zum Strand? Der Strand von Eger erwartet Sie auch sogar mit einem t\u00fcrkischen Jodbad. Demj\u00e9ni Term\u00e1l V\u00f6lgy Term\u00e1l t\u00f3Eger Eger ist die Residenz [&hellip;]\" \/>\n<meta property=\"og:url\" content=\"https:\/\/bodzavendeghaz.hu\/de\/sehenswuerdigkeiten\/\" \/>\n<meta property=\"og:site_name\" content=\"Bodza Vend\u00e9gh\u00e1z\" \/>\n<meta property=\"article:publisher\" content=\"https:\/\/www.facebook.com\/Bodza-vend%c3%a9gh%c3%a1z-Demj%c3%a9n-%c3%a9s-Bodza-apartmanok-Eger-133326593426125\" \/>\n<meta property=\"article:modified_time\" content=\"2020-02-03T06:22:52+00:00\" \/>\n<meta name=\"twitter:card\" content=\"summary_large_image\" \/>\n<meta name=\"twitter:label1\" content=\"Verfasst von\">\n\t<meta name=\"twitter:data1\" content=\"tamas.buza\">\n\t<meta name=\"twitter:label2\" content=\"Gesch\u00e4tzte Lesezeit\">\n\t<meta name=\"twitter:data2\" content=\"5\u00a0Minuten\">\n<script type=\"application\/ld+json\" class=\"yoast-schema-graph\">{\"@context\":\"https:\/\/schema.org\",\"@graph\":[{\"@type\":\"Organization\",\"@id\":\"https:\/\/bodzavendeghaz.hu\/#organization\",\"name\":\"Bodza Vend\\u00e9gh\\u00e1z\",\"url\":\"https:\/\/bodzavendeghaz.hu\/\",\"sameAs\":[\"https:\/\/www.facebook.com\/Bodza-vend\\u00e9gh\\u00e1z-Demj\\u00e9n-\\u00e9s-Bodza-apartmanok-Eger-133326593426125\",\"https:\/\/www.instagram.com\/bodza_vendeghaz_demjen\/\"],\"logo\":{\"@type\":\"ImageObject\",\"@id\":\"https:\/\/bodzavendeghaz.hu\/#logo\",\"inLanguage\":\"de\",\"url\":\"https:\/\/bodzavendeghaz.hu\/wp-content\/uploads\/2019\/12\/logo11.jpg\",\"width\":595,\"height\":283,\"caption\":\"Bodza Vend\\u00e9gh\\u00e1z\"},\"image\":{\"@id\":\"https:\/\/bodzavendeghaz.hu\/#logo\"}},{\"@type\":\"WebSite\",\"@id\":\"https:\/\/bodzavendeghaz.hu\/#website\",\"url\":\"https:\/\/bodzavendeghaz.hu\/\",\"name\":\"Bodza Vend\\u00e9gh\\u00e1z\",\"description\":\"Demj\\u00e9ni sz\\u00e1ll\\u00e1s az \\u00e9lm\\u00e9nyf\\u00fcrd\\u0151 k\\u00f6zel\\u00e9ben.\",\"publisher\":{\"@id\":\"https:\/\/bodzavendeghaz.hu\/#organization\"},\"potentialAction\":[{\"@type\":\"SearchAction\",\"target\":\"https:\/\/bodzavendeghaz.hu\/?s={search_term_string}\",\"query-input\":\"required name=search_term_string\"}],\"inLanguage\":\"de\"},{\"@type\":\"WebPage\",\"@id\":\"https:\/\/bodzavendeghaz.hu\/de\/sehenswuerdigkeiten\/#webpage\",\"url\":\"https:\/\/bodzavendeghaz.hu\/de\/sehenswuerdigkeiten\/\",\"name\":\"Sehensw\\u00fcrdigkeiten - Bodza Vend\\u00e9gh\\u00e1z\",\"isPartOf\":{\"@id\":\"https:\/\/bodzavendeghaz.hu\/#website\"},\"datePublished\":\"2020-02-02T17:46:23+00:00\",\"dateModified\":\"2020-02-03T06:22:52+00:00\",\"inLanguage\":\"de\",\"potentialAction\":[{\"@type\":\"ReadAction\",\"target\":[\"https:\/\/bodzavendeghaz.hu\/de\/sehenswuerdigkeiten\/\"]}]}]}<\/script>\n<!-- \/ Yoast SEO Premium plugin. -->","amp_enabled":true,"_links":{"self":[{"href":"https:\/\/bodzavendeghaz.hu\/de\/wp-json\/wp\/v2\/pages\/494","targetHints":{"allow":["GET"]}}],"collection":[{"href":"https:\/\/bodzavendeghaz.hu\/de\/wp-json\/wp\/v2\/pages"}],"about":[{"href":"https:\/\/bodzavendeghaz.hu\/de\/wp-json\/wp\/v2\/types\/page"}],"author":[{"embeddable":true,"href":"https:\/\/bodzavendeghaz.hu\/de\/wp-json\/wp\/v2\/users\/1"}],"replies":[{"embeddable":true,"href":"https:\/\/bodzavendeghaz.hu\/de\/wp-json\/wp\/v2\/comments?post=494"}],"version-history":[{"count":3,"href":"https:\/\/bodzavendeghaz.hu\/de\/wp-json\/wp\/v2\/pages\/494\/revisions"}],"predecessor-version":[{"id":522,"href":"https:\/\/bodzavendeghaz.hu\/de\/wp-json\/wp\/v2\/pages\/494\/revisions\/522"}],"wp:attachment":[{"href":"https:\/\/bodzavendeghaz.hu\/de\/wp-json\/wp\/v2\/media?parent=494"}],"curies":[{"name":"wp","href":"https:\/\/api.w.org\/{rel}","templated":true}]}}