{"id":497,"date":"2020-02-02T17:49:52","date_gmt":"2020-02-02T17:49:52","guid":{"rendered":"https:\/\/bodzavendeghaz.hu\/beziehung\/"},"modified":"2020-02-02T17:49:53","modified_gmt":"2020-02-02T17:49:53","slug":"beziehung","status":"publish","type":"page","link":"https:\/\/bodzavendeghaz.hu\/de\/beziehung\/","title":{"rendered":"Beziehung"},"content":{"rendered":"<p>[et_pb_section fb_built=&#8220;1&#8243; admin_label=&#8220;Header&#8220; _builder_version=&#8220;3.24&#8243;][et_pb_row _builder_version=&#8220;3.25&#8243; custom_padding=&#8220;0px||0px|||&#8220;][et_pb_column type=&#8220;4_4&#8243; _builder_version=&#8220;3.25&#8243; custom_padding=&#8220;|||&#8220; custom_padding__hover=&#8220;|||&#8220;][et_pb_text _builder_version=&#8220;4.2.2&#8243; text_font=&#8220;Lato||||||||&#8220; text_font_size=&#8220;22px&#8220; text_line_height=&#8220;1.8em&#8220; header_font=&#8220;Freepn3|700|||||||&#8220; header_text_color=&#8220;#a0220a&#8220; header_font_size=&#8220;80px&#8220; header_line_height=&#8220;1.2em&#8220; hover_enabled=&#8220;0&#8243; text_font_size_tablet=&#8220;&#8220; text_font_size_phone=&#8220;18px&#8220; text_font_size_last_edited=&#8220;on|phone&#8220; header_font_size_tablet=&#8220;60px&#8220; header_font_size_phone=&#8220;36px&#8220; header_font_size_last_edited=&#8220;on|phone&#8220;]<\/p>\n<h1>Beziehung<\/h1>\n<p>[\/et_pb_text][\/et_pb_column][\/et_pb_row][\/et_pb_section][et_pb_section fb_built=&#8220;1&#8243; specialty=&#8220;on&#8220; padding_2_tablet=&#8220;18vw||&#8220; padding_2_phone=&#8220;28vw||&#8220; padding_2_last_edited=&#8220;off|phone&#8220; _builder_version=&#8220;4.0.11&#8243; use_background_color_gradient=&#8220;on&#8220; background_color_gradient_start=&#8220;rgba(160,34,10,0.2)&#8220; background_color_gradient_end=&#8220;rgba(160,34,10,0.8)&#8220; background_color_gradient_type=&#8220;radial&#8220; background_color_gradient_direction_radial=&#8220;right&#8220; background_color_gradient_end_position=&#8220;50%&#8220; background_color_gradient_overlays_image=&#8220;on&#8220; background_image=&#8220;https:\/\/bodzavendeghaz.hu\/wp-content\/uploads\/2019\/12\/DSC_0006-scaled-1.jpg&#8220;][et_pb_column type=&#8220;1_2&#8243; _builder_version=&#8220;3.25&#8243; custom_padding=&#8220;|||&#8220; custom_padding__hover=&#8220;|||&#8220;][et_pb_contact_form email=&#8220;bodzavendeghaz@gmail.com&#8220; title=&#8220;Kontaktieren Sie uns!&#8220; custom_message=&#8220;Kedves Bodza Vend\u00e9gh\u00e1z,||et_pb_line_break_holder||||et_pb_line_break_holder||az al\u00e1bbi \u00fczeneted \u00e9rkezett a weboldalon kereszt\u00fcl:||et_pb_line_break_holder||||et_pb_line_break_holder||N\u00e9v: %%Name%%||et_pb_line_break_holder||Email: %%Email%%||et_pb_line_break_holder||\u00dczenet: %%Message%%||et_pb_line_break_holder||||et_pb_line_break_holder||\u00dcdv:||et_pb_line_break_holder||Weboldalad&#8220; submit_button_text=&#8220;Einreichen&#8220; module_id=&#8220;et_pb_contact_form_1&#8243; _builder_version=&#8220;4.2.2&#8243; form_field_background_color=&#8220;rgba(0,0,0,0)&#8220; form_field_text_color=&#8220;#ffffff&#8220; title_font=&#8220;Freepn3|700|||||||&#8220; title_text_color=&#8220;#ffffff&#8220; title_font_size=&#8220;42px&#8220; title_line_height=&#8220;1.2em&#8220; captcha_font=&#8220;||||||||&#8220; form_field_font=&#8220;Montserrat|300|||||||&#8220; form_field_font_size=&#8220;16px&#8220; form_field_line_height=&#8220;1.8em&#8220; custom_button=&#8220;on&#8220; button_text_size=&#8220;14px&#8220; button_text_color=&#8220;#ffffff&#8220; button_bg_color=&#8220;#0a0a0a&#8220; button_border_width=&#8220;12px&#8220; button_border_color=&#8220;rgba(0,0,0,0)&#8220; button_border_radius=&#8220;0px&#8220; button_letter_spacing=&#8220;4px&#8220; button_font=&#8220;Montserrat|700||on|||||&#8220; button_icon=&#8220;%%3%%&#8220; hover_enabled=&#8220;0&#8243; title_font_size_tablet=&#8220;&#8220; title_font_size_phone=&#8220;36px&#8220; title_font_size_last_edited=&#8220;on|desktop&#8220; border_width_all=&#8220;2px&#8220; border_color_all=&#8220;rgba(255,255,255,0.12)&#8220; locked=&#8220;off&#8220;][et_pb_contact_field field_id=&#8220;Name&#8220; field_title=&#8220;Name&#8220; fullwidth_field=&#8220;on&#8220; _builder_version=&#8220;4.0.7&#8243; button_text_size__hover_enabled=&#8220;off&#8220; button_one_text_size__hover_enabled=&#8220;off&#8220; button_two_text_size__hover_enabled=&#8220;off&#8220; button_text_color__hover_enabled=&#8220;off&#8220; button_one_text_color__hover_enabled=&#8220;off&#8220; button_two_text_color__hover_enabled=&#8220;off&#8220; button_border_width__hover_enabled=&#8220;off&#8220; button_one_border_width__hover_enabled=&#8220;off&#8220; button_two_border_width__hover_enabled=&#8220;off&#8220; button_border_color__hover_enabled=&#8220;off&#8220; button_one_border_color__hover_enabled=&#8220;off&#8220; button_two_border_color__hover_enabled=&#8220;off&#8220; button_border_radius__hover_enabled=&#8220;off&#8220; button_one_border_radius__hover_enabled=&#8220;off&#8220; button_two_border_radius__hover_enabled=&#8220;off&#8220; button_letter_spacing__hover_enabled=&#8220;off&#8220; button_one_letter_spacing__hover_enabled=&#8220;off&#8220; button_two_letter_spacing__hover_enabled=&#8220;off&#8220; button_bg_color__hover_enabled=&#8220;off&#8220; button_one_bg_color__hover_enabled=&#8220;off&#8220; button_two_bg_color__hover_enabled=&#8220;off&#8220;][\/et_pb_contact_field][et_pb_contact_field field_id=&#8220;Email&#8220; field_title=&#8220;Email&#8220; field_type=&#8220;email&#8220; fullwidth_field=&#8220;on&#8220; _builder_version=&#8220;4.0.7&#8243; button_text_size__hover_enabled=&#8220;off&#8220; button_one_text_size__hover_enabled=&#8220;off&#8220; button_two_text_size__hover_enabled=&#8220;off&#8220; button_text_color__hover_enabled=&#8220;off&#8220; button_one_text_color__hover_enabled=&#8220;off&#8220; button_two_text_color__hover_enabled=&#8220;off&#8220; button_border_width__hover_enabled=&#8220;off&#8220; button_one_border_width__hover_enabled=&#8220;off&#8220; button_two_border_width__hover_enabled=&#8220;off&#8220; button_border_color__hover_enabled=&#8220;off&#8220; button_one_border_color__hover_enabled=&#8220;off&#8220; button_two_border_color__hover_enabled=&#8220;off&#8220; button_border_radius__hover_enabled=&#8220;off&#8220; button_one_border_radius__hover_enabled=&#8220;off&#8220; button_two_border_radius__hover_enabled=&#8220;off&#8220; button_letter_spacing__hover_enabled=&#8220;off&#8220; button_one_letter_spacing__hover_enabled=&#8220;off&#8220; button_two_letter_spacing__hover_enabled=&#8220;off&#8220; button_bg_color__hover_enabled=&#8220;off&#8220; button_one_bg_color__hover_enabled=&#8220;off&#8220; button_two_bg_color__hover_enabled=&#8220;off&#8220;][\/et_pb_contact_field][et_pb_contact_field field_id=&#8220;Message&#8220; field_title=&#8220;Nachricht&#8220; field_type=&#8220;text&#8220; fullwidth_field=&#8220;on&#8220; _builder_version=&#8220;4.0.7&#8243; button_text_size__hover_enabled=&#8220;off&#8220; button_one_text_size__hover_enabled=&#8220;off&#8220; button_two_text_size__hover_enabled=&#8220;off&#8220; button_text_color__hover_enabled=&#8220;off&#8220; button_one_text_color__hover_enabled=&#8220;off&#8220; button_two_text_color__hover_enabled=&#8220;off&#8220; button_border_width__hover_enabled=&#8220;off&#8220; button_one_border_width__hover_enabled=&#8220;off&#8220; button_two_border_width__hover_enabled=&#8220;off&#8220; button_border_color__hover_enabled=&#8220;off&#8220; button_one_border_color__hover_enabled=&#8220;off&#8220; button_two_border_color__hover_enabled=&#8220;off&#8220; button_border_radius__hover_enabled=&#8220;off&#8220; button_one_border_radius__hover_enabled=&#8220;off&#8220; button_two_border_radius__hover_enabled=&#8220;off&#8220; button_letter_spacing__hover_enabled=&#8220;off&#8220; button_one_letter_spacing__hover_enabled=&#8220;off&#8220; button_two_letter_spacing__hover_enabled=&#8220;off&#8220; button_bg_color__hover_enabled=&#8220;off&#8220; button_one_bg_color__hover_enabled=&#8220;off&#8220; button_two_bg_color__hover_enabled=&#8220;off&#8220;][\/et_pb_contact_field][\/et_pb_contact_form][\/et_pb_column][et_pb_column type=&#8220;1_2&#8243; specialty_columns=&#8220;2&#8243; _builder_version=&#8220;3.25&#8243; custom_padding=&#8220;|||&#8220; custom_padding__hover=&#8220;|||&#8220;][et_pb_row_inner use_custom_gutter=&#8220;on&#8220; gutter_width=&#8220;2&#8243; _builder_version=&#8220;3.25&#8243; background_color=&#8220;#ffffff&#8220; custom_margin=&#8220;|||||false&#8220; custom_padding=&#8220;60px|30px|0px|30px||true&#8220; box_shadow_style=&#8220;preset3&#8243; box_shadow_vertical=&#8220;185px&#8220; box_shadow_blur=&#8220;135px&#8220; box_shadow_spread=&#8220;-15px&#8220; box_shadow_color=&#8220;rgba(0,0,0,0.15)&#8220; locked=&#8220;off&#8220;][et_pb_column_inner saved_specialty_column_type=&#8220;1_2&#8243; _builder_version=&#8220;3.25&#8243; custom_padding=&#8220;|||&#8220; custom_padding__hover=&#8220;|||&#8220;][et_pb_text _builder_version=&#8220;4.2.2&#8243; header_font=&#8220;||||||||&#8220; header_3_font=&#8220;Freepn3|700|||||||&#8220; header_3_line_height=&#8220;1.4em&#8220; hover_enabled=&#8220;0&#8243; locked=&#8220;off&#8220;]<\/p>\n<h3>Reservierung<\/h3>\n<p>[\/et_pb_text][\/et_pb_column_inner][\/et_pb_row_inner][et_pb_row_inner column_structure=&#8220;1_2,1_2&#8243; use_custom_gutter=&#8220;on&#8220; gutter_width=&#8220;2&#8243; _builder_version=&#8220;3.25&#8243; background_color=&#8220;#ffffff&#8220; custom_padding=&#8220;|30px|0px|30px||true&#8220; box_shadow_style=&#8220;preset3&#8243; box_shadow_vertical=&#8220;185px&#8220; box_shadow_blur=&#8220;135px&#8220; box_shadow_spread=&#8220;-15px&#8220; box_shadow_color=&#8220;rgba(0,0,0,0.15)&#8220;][et_pb_column_inner type=&#8220;1_2&#8243; saved_specialty_column_type=&#8220;1_2&#8243; _builder_version=&#8220;3.25&#8243; custom_padding=&#8220;|||&#8220; custom_padding__hover=&#8220;|||&#8220;][et_pb_blurb title=&#8220;Rufen Sie uns an&#8220; use_icon=&#8220;on&#8220; font_icon=&#8220;%%264%%&#8220; icon_color=&#8220;#a0220a&#8220; icon_placement=&#8220;left&#8220; content_max_width=&#8220;1100px&#8220; use_icon_font_size=&#8220;on&#8220; icon_font_size=&#8220;26px&#8220; _builder_version=&#8220;4.2.2&#8243; header_font=&#8220;Freepn3||||||||&#8220; header_font_size=&#8220;18px&#8220; header_line_height=&#8220;1.4em&#8220; body_font=&#8220;Montserrat|300|||||||&#8220; body_link_font=&#8220;||||||||&#8220; body_link_text_color=&#8220;#ff3314&#8243; custom_margin=&#8220;||8px&#8220; animation=&#8220;off&#8220; hover_enabled=&#8220;0&#8243; locked=&#8220;off&#8220;]<\/p>\n<p><span style=\"color: #a0220a;\"><a href=\"tel:+36309042197\" style=\"color: #ff6600;\">+36309042197<\/a><\/span><\/p>\n<p>[\/et_pb_blurb][\/et_pb_column_inner][et_pb_column_inner type=&#8220;1_2&#8243; saved_specialty_column_type=&#8220;1_2&#8243; _builder_version=&#8220;3.25&#8243; custom_padding=&#8220;|||&#8220; custom_padding__hover=&#8220;|||&#8220;][et_pb_blurb title=&#8220;Email&#8220; use_icon=&#8220;on&#8220; font_icon=&#8220;%%238%%&#8220; icon_color=&#8220;#a0220a&#8220; icon_placement=&#8220;left&#8220; content_max_width=&#8220;1100px&#8220; use_icon_font_size=&#8220;on&#8220; icon_font_size=&#8220;26px&#8220; _builder_version=&#8220;4.2.2&#8243; header_font=&#8220;Freepn3||||||||&#8220; header_font_size=&#8220;18px&#8220; header_line_height=&#8220;1.4em&#8220; body_font=&#8220;Montserrat|300|||||||&#8220; body_link_font=&#8220;||||||||&#8220; body_link_text_color=&#8220;#ff3314&#8243; custom_margin=&#8220;||8px&#8220; animation=&#8220;off&#8220; locked=&#8220;off&#8220;]<\/p>\n<p><a href=\"mailto:bodzavendeghaz@gmail.com\">bodzavendeghaz<br \/> @gmail.com<\/a><\/p>\n<p>[\/et_pb_blurb][\/et_pb_column_inner][\/et_pb_row_inner][et_pb_row_inner use_custom_gutter=&#8220;on&#8220; gutter_width=&#8220;2&#8243; _builder_version=&#8220;3.25&#8243; background_color=&#8220;#ffffff&#8220; custom_padding=&#8220;|30px|0px|30px||true&#8220; box_shadow_style=&#8220;preset3&#8243; box_shadow_vertical=&#8220;185px&#8220; box_shadow_blur=&#8220;135px&#8220; box_shadow_spread=&#8220;-15px&#8220; box_shadow_color=&#8220;rgba(0,0,0,0.15)&#8220; locked=&#8220;off&#8220;][et_pb_column_inner saved_specialty_column_type=&#8220;1_2&#8243; _builder_version=&#8220;3.25&#8243; custom_padding=&#8220;|||&#8220; custom_padding__hover=&#8220;|||&#8220;][et_pb_text _builder_version=&#8220;4.0.7&#8243; header_font=&#8220;||||||||&#8220; header_3_font=&#8220;freepn3|700|||||||&#8220; header_3_line_height=&#8220;1.4em&#8220; locked=&#8220;off&#8220;]<\/p>\n<h3>Verf\u00fcgbarkeit<\/h3>\n<p>[\/et_pb_text][\/et_pb_column_inner][\/et_pb_row_inner][et_pb_row_inner column_structure=&#8220;1_2,1_2&#8243; use_custom_gutter=&#8220;on&#8220; gutter_width=&#8220;2&#8243; _builder_version=&#8220;3.25&#8243; background_color=&#8220;#ffffff&#8220; custom_padding=&#8220;|30px|0px|30px||true&#8220; box_shadow_style=&#8220;preset3&#8243; box_shadow_vertical=&#8220;185px&#8220; box_shadow_blur=&#8220;135px&#8220; box_shadow_spread=&#8220;-15px&#8220; box_shadow_color=&#8220;rgba(0,0,0,0.15)&#8220;][et_pb_column_inner type=&#8220;1_2&#8243; saved_specialty_column_type=&#8220;1_2&#8243; _builder_version=&#8220;3.25&#8243; custom_padding=&#8220;|||&#8220; custom_padding__hover=&#8220;|||&#8220;][et_pb_blurb title=&#8220;Adresse&#8220; use_icon=&#8220;on&#8220; font_icon=&#8220;%%236%%&#8220; icon_color=&#8220;#a0220a&#8220; icon_placement=&#8220;left&#8220; content_max_width=&#8220;1100px&#8220; use_icon_font_size=&#8220;on&#8220; icon_font_size=&#8220;26px&#8220; _builder_version=&#8220;4.0.11&#8243; header_font=&#8220;Freepn3||||||||&#8220; header_font_size=&#8220;18px&#8220; header_line_height=&#8220;1.4em&#8220; body_font=&#8220;Montserrat|300|||||||&#8220; body_link_font=&#8220;||||||||&#8220; body_link_text_color=&#8220;#ff3314&#8243; custom_margin=&#8220;||8px&#8220; animation=&#8220;off&#8220; locked=&#8220;off&#8220;]<\/p>\n<p>3395 Demj\u00e9n, Pet\u0151fi S\u00e1ndor utca 3.<\/p>\n<p>[\/et_pb_blurb][\/et_pb_column_inner][et_pb_column_inner type=&#8220;1_2&#8243; saved_specialty_column_type=&#8220;1_2&#8243; _builder_version=&#8220;3.25&#8243; custom_padding=&#8220;|||&#8220; custom_padding__hover=&#8220;|||&#8220;][\/et_pb_column_inner][\/et_pb_row_inner][et_pb_row_inner use_custom_gutter=&#8220;on&#8220; gutter_width=&#8220;2&#8243; _builder_version=&#8220;3.25&#8243; background_color=&#8220;#ffffff&#8220; custom_margin=&#8220;||-120px&#8220; custom_padding=&#8220;|30px|60px|30px||true&#8220; box_shadow_style=&#8220;preset3&#8243; box_shadow_vertical=&#8220;185px&#8220; box_shadow_blur=&#8220;135px&#8220; box_shadow_spread=&#8220;-15px&#8220; box_shadow_color=&#8220;rgba(0,0,0,0.15)&#8220; locked=&#8220;off&#8220;][et_pb_column_inner saved_specialty_column_type=&#8220;1_2&#8243; _builder_version=&#8220;3.25&#8243; custom_padding=&#8220;|||&#8220; custom_padding__hover=&#8220;|||&#8220;][et_pb_social_media_follow _builder_version=&#8220;4.0.7&#8243;][et_pb_social_media_follow_network social_network=&#8220;facebook&#8220; url=&#8220;https:\/\/www.facebook.com\/Bodza-vend%C3%A9gh%C3%A1z-Demj%C3%A9n-%C3%A9s-Bodza-apartmanok-Eger-133326593426125\/&#8220; _builder_version=&#8220;4.0.7&#8243; background_color=&#8220;#3b5998&#8243; follow_button=&#8220;off&#8220; url_new_window=&#8220;on&#8220;]facebook[\/et_pb_social_media_follow_network][\/et_pb_social_media_follow][\/et_pb_column_inner][\/et_pb_row_inner][\/et_pb_column][\/et_pb_section][et_pb_section fb_built=&#8220;1&#8243; fullwidth=&#8220;on&#8220; _builder_version=&#8220;4.2.2&#8243;][et_pb_fullwidth_code _builder_version=&#8220;4.2.2&#8243;]<iframe loading=\"lazy\" src=\"https:\/\/www.google.com\/maps\/embed?pb=!1m18!1m12!1m3!1d2678.2920591875463!2d20.333754815943514!3d47.83393507920048!2m3!1f0!2f0!3f0!3m2!1i1024!2i768!4f13.1!3m3!1m2!1s0x4740f29b200fb3eb%3A0xd42fe1058ee0a8a4!2zQm9kemEgVmVuZMOpZ2jDoXo!5e0!3m2!1shu!2shu!4v1580289563414!5m2!1shu!2shu\" width=\"100%\" height=\"450\" frameborder=\"0\" style=\"border:0;\" allowfullscreen=\"\"><\/iframe>[\/et_pb_fullwidth_code][\/et_pb_section]<\/p>\n","protected":false},"excerpt":{"rendered":"<p>BeziehungReservierung+36309042197 bodzavendeghaz @gmail.com Verf\u00fcgbarkeit3395 Demj\u00e9n, Pet\u0151fi S\u00e1ndor utca 3.<\/p>\n","protected":false},"author":1,"featured_media":0,"parent":0,"menu_order":0,"comment_status":"closed","ping_status":"closed","template":"","meta":{"_et_pb_use_builder":"on","_et_pb_old_content":"<!-- wp:divi\/placeholder \/-->","_et_gb_content_width":"","footnotes":""},"class_list":["post-497","page","type-page","status-publish","hentry"],"yoast_head":"<!-- This site is optimized with the Yoast SEO Premium plugin v15.2.1 - https:\/\/yoast.com\/wordpress\/plugins\/seo\/ -->\n<title>Beziehung - Bodza Vend\u00e9gh\u00e1z<\/title>\n<meta name=\"robots\" content=\"index, follow, max-snippet:-1, max-image-preview:large, max-video-preview:-1\" \/>\n<link rel=\"canonical\" href=\"https:\/\/bodzavendeghaz.hu\/de\/beziehung\/\" \/>\n<meta property=\"og:locale\" content=\"de_DE\" \/>\n<meta property=\"og:type\" content=\"article\" \/>\n<meta property=\"og:title\" content=\"Beziehung - Bodza Vend\u00e9gh\u00e1z\" \/>\n<meta property=\"og:description\" content=\"BeziehungReservierung+36309042197 bodzavendeghaz @gmail.com Verf\u00fcgbarkeit3395 Demj\u00e9n, Pet\u0151fi S\u00e1ndor utca 3.\" \/>\n<meta property=\"og:url\" content=\"https:\/\/bodzavendeghaz.hu\/de\/beziehung\/\" \/>\n<meta property=\"og:site_name\" content=\"Bodza Vend\u00e9gh\u00e1z\" \/>\n<meta property=\"article:publisher\" content=\"https:\/\/www.facebook.com\/Bodza-vend%c3%a9gh%c3%a1z-Demj%c3%a9n-%c3%a9s-Bodza-apartmanok-Eger-133326593426125\" \/>\n<meta property=\"article:modified_time\" content=\"2020-02-02T17:49:53+00:00\" \/>\n<meta name=\"twitter:card\" content=\"summary_large_image\" \/>\n<meta name=\"twitter:label1\" content=\"Verfasst von\">\n\t<meta name=\"twitter:data1\" content=\"tamas.buza\">\n\t<meta name=\"twitter:label2\" content=\"Gesch\u00e4tzte Lesezeit\">\n\t<meta name=\"twitter:data2\" content=\"6\u00a0Minuten\">\n<script type=\"application\/ld+json\" class=\"yoast-schema-graph\">{\"@context\":\"https:\/\/schema.org\",\"@graph\":[{\"@type\":\"Organization\",\"@id\":\"https:\/\/bodzavendeghaz.hu\/#organization\",\"name\":\"Bodza Vend\\u00e9gh\\u00e1z\",\"url\":\"https:\/\/bodzavendeghaz.hu\/\",\"sameAs\":[\"https:\/\/www.facebook.com\/Bodza-vend\\u00e9gh\\u00e1z-Demj\\u00e9n-\\u00e9s-Bodza-apartmanok-Eger-133326593426125\",\"https:\/\/www.instagram.com\/bodza_vendeghaz_demjen\/\"],\"logo\":{\"@type\":\"ImageObject\",\"@id\":\"https:\/\/bodzavendeghaz.hu\/#logo\",\"inLanguage\":\"de\",\"url\":\"https:\/\/bodzavendeghaz.hu\/wp-content\/uploads\/2019\/12\/logo11.jpg\",\"width\":595,\"height\":283,\"caption\":\"Bodza Vend\\u00e9gh\\u00e1z\"},\"image\":{\"@id\":\"https:\/\/bodzavendeghaz.hu\/#logo\"}},{\"@type\":\"WebSite\",\"@id\":\"https:\/\/bodzavendeghaz.hu\/#website\",\"url\":\"https:\/\/bodzavendeghaz.hu\/\",\"name\":\"Bodza Vend\\u00e9gh\\u00e1z\",\"description\":\"Demj\\u00e9ni sz\\u00e1ll\\u00e1s az \\u00e9lm\\u00e9nyf\\u00fcrd\\u0151 k\\u00f6zel\\u00e9ben.\",\"publisher\":{\"@id\":\"https:\/\/bodzavendeghaz.hu\/#organization\"},\"potentialAction\":[{\"@type\":\"SearchAction\",\"target\":\"https:\/\/bodzavendeghaz.hu\/?s={search_term_string}\",\"query-input\":\"required name=search_term_string\"}],\"inLanguage\":\"de\"},{\"@type\":\"WebPage\",\"@id\":\"https:\/\/bodzavendeghaz.hu\/de\/beziehung\/#webpage\",\"url\":\"https:\/\/bodzavendeghaz.hu\/de\/beziehung\/\",\"name\":\"Beziehung - Bodza Vend\\u00e9gh\\u00e1z\",\"isPartOf\":{\"@id\":\"https:\/\/bodzavendeghaz.hu\/#website\"},\"datePublished\":\"2020-02-02T17:49:52+00:00\",\"dateModified\":\"2020-02-02T17:49:53+00:00\",\"inLanguage\":\"de\",\"potentialAction\":[{\"@type\":\"ReadAction\",\"target\":[\"https:\/\/bodzavendeghaz.hu\/de\/beziehung\/\"]}]}]}<\/script>\n<!-- \/ Yoast SEO Premium plugin. -->","amp_enabled":true,"_links":{"self":[{"href":"https:\/\/bodzavendeghaz.hu\/de\/wp-json\/wp\/v2\/pages\/497","targetHints":{"allow":["GET"]}}],"collection":[{"href":"https:\/\/bodzavendeghaz.hu\/de\/wp-json\/wp\/v2\/pages"}],"about":[{"href":"https:\/\/bodzavendeghaz.hu\/de\/wp-json\/wp\/v2\/types\/page"}],"author":[{"embeddable":true,"href":"https:\/\/bodzavendeghaz.hu\/de\/wp-json\/wp\/v2\/users\/1"}],"replies":[{"embeddable":true,"href":"https:\/\/bodzavendeghaz.hu\/de\/wp-json\/wp\/v2\/comments?post=497"}],"version-history":[{"count":1,"href":"https:\/\/bodzavendeghaz.hu\/de\/wp-json\/wp\/v2\/pages\/497\/revisions"}],"predecessor-version":[{"id":498,"href":"https:\/\/bodzavendeghaz.hu\/de\/wp-json\/wp\/v2\/pages\/497\/revisions\/498"}],"wp:attachment":[{"href":"https:\/\/bodzavendeghaz.hu\/de\/wp-json\/wp\/v2\/media?parent=497"}],"curies":[{"name":"wp","href":"https:\/\/api.w.org\/{rel}","templated":true}]}}