{"id":947,"date":"2020-03-03T17:06:31","date_gmt":"2020-03-03T17:06:31","guid":{"rendered":"https:\/\/bodzavendeghaz.hu\/sights\/"},"modified":"2020-03-03T17:06:31","modified_gmt":"2020-03-03T17:06:31","slug":"sights","status":"publish","type":"page","link":"https:\/\/bodzavendeghaz.hu\/en\/sights\/","title":{"rendered":"Sights"},"content":{"rendered":"<p>[et_pb_section fb_built=&#8221;1&#8243; admin_label=&#8221;Header&#8221; _builder_version=&#8221;4.0.11&#8243; overflow-x=&#8221;hidden&#8221; custom_padding=&#8221;|||||&#8221;][et_pb_row column_structure=&#8221;1_2,1_2&#8243; _builder_version=&#8221;3.25&#8243;][et_pb_column type=&#8221;1_2&#8243; _builder_version=&#8221;3.25&#8243; custom_padding=&#8221;|||&#8221; custom_padding__hover=&#8221;|||&#8221;][et_pb_text _builder_version=&#8221;4.2.2&#8243; text_font=&#8221;Montserrat|300|||||||&#8221; text_font_size=&#8221;22px&#8221; text_line_height=&#8221;1.8em&#8221; header_font=&#8221;Freepn3|700|||||||&#8221; header_font_size=&#8221;80px&#8221; header_line_height=&#8221;1.2em&#8221; custom_padding=&#8221;130px||||false|false&#8221; text_font_size_tablet=&#8221;&#8221; text_font_size_phone=&#8221;18px&#8221; text_font_size_last_edited=&#8221;on|phone&#8221; header_font_size_tablet=&#8221;60px&#8221; header_font_size_phone=&#8221;36px&#8221; header_font_size_last_edited=&#8221;on|phone&#8221;]<\/p>\n<h1>Sights<\/h1>\n<p>[\/et_pb_text][\/et_pb_column][et_pb_column type=&#8221;1_2&#8243; _builder_version=&#8221;3.25&#8243; custom_padding=&#8221;|||&#8221; custom_padding__hover=&#8221;|||&#8221;][et_pb_image src=&#8221;https:\/\/bodzavendeghaz.hu\/wp-content\/uploads\/2019\/12\/sight-seeing-44.png&#8221; _builder_version=&#8221;4.0.11&#8243; background_image=&#8221;https:\/\/bodzavendeghaz.hu\/wp-content\/uploads\/2020\/01\/bazilika.jpg&#8221; transform_scale=&#8221;170%|170%&#8221; transform_scale_tablet=&#8221;100%|100%&#8221; transform_scale_phone=&#8221;&#8221; transform_scale_last_edited=&#8221;on|desktop&#8221; transform_translate_tablet=&#8221;&#8221; transform_translate_phone=&#8221;&#8221; transform_translate_last_edited=&#8221;on|desktop&#8221; transform_rotate_tablet=&#8221;&#8221; transform_rotate_phone=&#8221;&#8221; transform_rotate_last_edited=&#8221;on|desktop&#8221; transform_skew_tablet=&#8221;&#8221; transform_skew_phone=&#8221;&#8221; transform_skew_last_edited=&#8221;on|desktop&#8221; transform_origin=&#8221;0%|100%&#8221; transform_origin_tablet=&#8221;&#8221; transform_origin_phone=&#8221;&#8221; transform_origin_last_edited=&#8221;on|desktop&#8221; transform_styles_last_edited=&#8221;on|desktop&#8221; max_width_tablet=&#8221;400px&#8221; max_width_phone=&#8221;&#8221; max_width_last_edited=&#8221;on|desktop&#8221; custom_margin=&#8221;||-80px|4px&#8221; custom_margin_tablet=&#8221;0px|0vw||&#8221; custom_margin_last_edited=&#8221;off|tablet&#8221; transform_styles_tablet=&#8221;&#8221; transform_styles_phone=&#8221;&#8221;][\/et_pb_image][\/et_pb_column][\/et_pb_row][et_pb_row column_structure=&#8221;2_5,3_5&#8243; _builder_version=&#8221;3.25&#8243;][et_pb_column type=&#8221;2_5&#8243; _builder_version=&#8221;3.25&#8243; custom_padding=&#8221;|||&#8221; custom_padding__hover=&#8221;|||&#8221;][et_pb_divider color=&#8221;#000000&#8243; divider_weight=&#8221;5px&#8221; _builder_version=&#8221;3.23.3&#8243; width=&#8221;150px&#8221;][\/et_pb_divider][et_pb_text _builder_version=&#8221;4.3.4&#8243; text_font=&#8221;Montserrat|300|||||||&#8221; text_font_size=&#8221;18px&#8221; text_line_height=&#8221;1.8em&#8221; header_2_font=&#8221;Freepn3||||||||&#8221; header_2_font_size=&#8221;32px&#8221; text_font_size_tablet=&#8221;&#8221; text_font_size_phone=&#8221;15px&#8221; text_font_size_last_edited=&#8221;on|desktop&#8221;]<\/p>\n<h2>Demj\u00e9n<\/h2>\n<p>The Demj\u00e9n Thermal Spa and Cave Bath are within 5 minutes&#8217; walking distance from the guesthouse. Moreover, the salt hill and spa of Egerszal\u00f3k is reachable by car in a few minutes. For those who are seeking the Turkish bath, we can offer one in Eger, which is 15 minutes from Demj\u00e9n.<\/p>\n<p><a href=\"https:\/\/demjencascade.hu\/\" target=\"_blank\" rel=\"noopener noreferrer\">Demj\u00e9ni Term\u00e1l V\u00f6lgy<\/a><br \/>\n<a href=\"http:\/\/www.demjentermalto.hu\/\" target=\"_blank\" rel=\"noopener noreferrer\">Term\u00e1l t\u00f3<\/a>[\/et_pb_text][\/et_pb_column][et_pb_column type=&#8221;3_5&#8243; _builder_version=&#8221;3.25&#8243; custom_padding=&#8221;|||&#8221; custom_padding__hover=&#8221;|||&#8221;][et_pb_image src=&#8221;https:\/\/bodzavendeghaz.hu\/wp-content\/uploads\/2020\/01\/demjeni-furdo.jpg&#8221; _builder_version=&#8221;4.0.11&#8243; transform_translate=&#8221;10vw|0px&#8221; transform_translate_linked=&#8221;off&#8221; custom_margin=&#8221;-200px|||||&#8221; custom_margin_tablet=&#8221;20px||&#8221; custom_margin_phone=&#8221;&#8221; custom_margin_last_edited=&#8221;on|desktop&#8221; border_width_all=&#8221;30px&#8221; border_color_all=&#8221;#ffffff&#8221; box_shadow_style=&#8221;preset3&#8243; box_shadow_horizontal=&#8221;5px&#8221; box_shadow_vertical=&#8221;25px&#8221; box_shadow_blur=&#8221;105px&#8221; box_shadow_spread=&#8221;-30px&#8221; box_shadow_color=&#8221;rgba(0,0,0,0.25)&#8221;][\/et_pb_image][et_pb_image src=&#8221;https:\/\/bodzavendeghaz.hu\/wp-content\/uploads\/2020\/01\/barlangfurdo.jpg&#8221; _builder_version=&#8221;4.0.11&#8243; max_width=&#8221;400px&#8221; custom_margin=&#8221;-375px||160px|||&#8221; custom_padding=&#8221;|||||&#8221; border_width_all=&#8221;7px&#8221; border_color_all=&#8221;#ffffff&#8221; box_shadow_style=&#8221;preset3&#8243; box_shadow_vertical=&#8221;56px&#8221; box_shadow_blur=&#8221;65px&#8221; box_shadow_spread=&#8221;-15px&#8221; box_shadow_color=&#8221;rgba(0,0,0,0.4)&#8221;][\/et_pb_image][\/et_pb_column][\/et_pb_row][\/et_pb_section][et_pb_section fb_built=&#8221;1&#8243; admin_label=&#8221;Header&#8221; _builder_version=&#8221;4.0.11&#8243; overflow-x=&#8221;hidden&#8221; custom_padding=&#8221;|||||&#8221;][et_pb_row column_structure=&#8221;3_5,2_5&#8243; _builder_version=&#8221;3.25&#8243;][et_pb_column type=&#8221;3_5&#8243; _builder_version=&#8221;3.25&#8243; custom_padding=&#8221;|||&#8221; custom_padding__hover=&#8221;|||&#8221;][et_pb_gallery gallery_ids=&#8221;442,438&#8243; gallery_orderby=&#8221;rand&#8221; fullwidth=&#8221;on&#8221; _builder_version=&#8221;4.2.2&#8243;][\/et_pb_gallery][\/et_pb_column][et_pb_column type=&#8221;2_5&#8243; _builder_version=&#8221;3.25&#8243; custom_padding=&#8221;|||&#8221; custom_padding__hover=&#8221;|||&#8221;][et_pb_divider color=&#8221;#000000&#8243; divider_weight=&#8221;5px&#8221; _builder_version=&#8221;3.23.3&#8243; width=&#8221;150px&#8221;][\/et_pb_divider][et_pb_text _builder_version=&#8221;4.3.4&#8243; text_font=&#8221;Montserrat|300|||||||&#8221; text_font_size=&#8221;18px&#8221; text_line_height=&#8221;1.8em&#8221; header_2_font=&#8221;Freepn3||||||||&#8221; header_2_font_size=&#8221;32px&#8221; text_font_size_tablet=&#8221;&#8221; text_font_size_phone=&#8221;15px&#8221; text_font_size_last_edited=&#8221;on|desktop&#8221;]<\/p>\n<h2>Eger<\/h2>\n<p>Eger is the chief town of Heves county. The historical city is full of monuments, museums, ruins and a castle. Its historical downtown offers lots of events, programs, restaurants and pastry shops.<\/p>\n<p><a href=\"http:\/\/www.egrivar.hu\/fooldal\" target=\"_blank\" rel=\"noopener noreferrer\">Egri v\u00e1r<\/a><br \/>\n<a href=\"http:\/\/www.eger-bazilika.plebania.hu\/\" target=\"_blank\" rel=\"noopener noreferrer\">Bazilika<\/a><br \/>\n<a href=\"http:\/\/www.minareteger.hu\/\" target=\"_blank\" rel=\"noopener noreferrer\">Minaret<\/a><br \/>\n<a href=\"https:\/\/www.varazstorony.hu\/\" target=\"_blank\" rel=\"noopener noreferrer\">Var\u00e1zstorony<\/a>[\/et_pb_text][\/et_pb_column][\/et_pb_row][\/et_pb_section][et_pb_section fb_built=&#8221;1&#8243; admin_label=&#8221;Header&#8221; _builder_version=&#8221;4.0.11&#8243; overflow-x=&#8221;hidden&#8221; custom_padding=&#8221;|||||&#8221;][et_pb_row column_structure=&#8221;2_5,3_5&#8243; _builder_version=&#8221;3.25&#8243;][et_pb_column type=&#8221;2_5&#8243; _builder_version=&#8221;3.25&#8243; custom_padding=&#8221;|||&#8221; custom_padding__hover=&#8221;|||&#8221;][et_pb_divider color=&#8221;#000000&#8243; divider_weight=&#8221;5px&#8221; _builder_version=&#8221;3.23.3&#8243; width=&#8221;150px&#8221;][\/et_pb_divider][et_pb_text _builder_version=&#8221;4.3.4&#8243; text_font=&#8221;Montserrat|300|||||||&#8221; text_font_size=&#8221;18px&#8221; text_line_height=&#8221;1.8em&#8221; header_2_font=&#8221;Freepn3||||||||&#8221; header_2_font_size=&#8221;32px&#8221; text_font_size_tablet=&#8221;&#8221; text_font_size_phone=&#8221;15px&#8221; text_font_size_last_edited=&#8221;on|desktop&#8221;]<\/p>\n<h2>Wine<\/h2>\n<p>Eger region has one of the oldest wine culture in Hungary. Countless famous and family- owned cellars offer a great variety, but most importantly, high-quality wine.<\/p>\n<p>Including but not limited to Eger, Sz\u00e9passzony-valley, Noszvaj, Ostoros, and Egerszal\u00f3k<\/p>\n<p><a href=\"http:\/\/www.szepasszonyvolgy.info\/\" target=\"_blank\" rel=\"noopener noreferrer\">Tov\u00e1bbi inform\u00e1ci\u00f3.<\/a>[\/et_pb_text][\/et_pb_column][et_pb_column type=&#8221;3_5&#8243; _builder_version=&#8221;3.25&#8243; custom_padding=&#8221;|||&#8221; custom_padding__hover=&#8221;|||&#8221;][et_pb_image src=&#8221;https:\/\/bodzavendeghaz.hu\/wp-content\/uploads\/2020\/01\/wine.jpg&#8221; _builder_version=&#8221;4.0.11&#8243;][\/et_pb_image][\/et_pb_column][\/et_pb_row][\/et_pb_section][et_pb_section fb_built=&#8221;1&#8243; admin_label=&#8221;Header&#8221; _builder_version=&#8221;4.0.11&#8243; overflow-x=&#8221;hidden&#8221; custom_padding=&#8221;|||||&#8221;][et_pb_row column_structure=&#8221;3_5,2_5&#8243; _builder_version=&#8221;3.25&#8243;][et_pb_column type=&#8221;3_5&#8243; _builder_version=&#8221;3.25&#8243; custom_padding=&#8221;|||&#8221; custom_padding__hover=&#8221;|||&#8221;][et_pb_image src=&#8221;https:\/\/bodzavendeghaz.hu\/wp-content\/uploads\/2020\/01\/turautak.jpg&#8221; _builder_version=&#8221;4.0.11&#8243;][\/et_pb_image][\/et_pb_column][et_pb_column type=&#8221;2_5&#8243; _builder_version=&#8221;3.25&#8243; custom_padding=&#8221;|||&#8221; custom_padding__hover=&#8221;|||&#8221;][et_pb_divider color=&#8221;#000000&#8243; divider_weight=&#8221;5px&#8221; _builder_version=&#8221;3.23.3&#8243; width=&#8221;150px&#8221;][\/et_pb_divider][et_pb_text _builder_version=&#8221;4.3.4&#8243; text_font=&#8221;Montserrat|300|||||||&#8221; text_font_size=&#8221;18px&#8221; text_line_height=&#8221;1.8em&#8221; header_2_font=&#8221;Freepn3||||||||&#8221; header_2_font_size=&#8221;32px&#8221; hover_enabled=&#8221;0&#8243; text_font_size_tablet=&#8221;&#8221; text_font_size_phone=&#8221;15px&#8221; text_font_size_last_edited=&#8221;on|desktop&#8221;]<\/p>\n<h2>Hiking<\/h2>\n<p>The closeness of B\u00fckk and M\u00e1tra mountains offers a great variety of activities. You can<br \/>\ndiscover many places by bike, car or on foot.<br \/>\nLilaf\u00fcred, Szilv\u00e1sv\u00e1rad, Sirok, Par\u00e1dsasv\u00e1r, Recsk, Bog\u00e1cs, Noszvaj, etc&#8230;<br \/>\n[\/et_pb_text][\/et_pb_column][\/et_pb_row][\/et_pb_section][et_pb_section fb_built=&#8221;1&#8243; admin_label=&#8221;Header&#8221; _builder_version=&#8221;4.0.11&#8243; overflow-x=&#8221;hidden&#8221; custom_padding=&#8221;|||||&#8221;][et_pb_row column_structure=&#8221;2_5,3_5&#8243; _builder_version=&#8221;3.25&#8243;][et_pb_column type=&#8221;2_5&#8243; _builder_version=&#8221;3.25&#8243; custom_padding=&#8221;|||&#8221; custom_padding__hover=&#8221;|||&#8221;][et_pb_divider color=&#8221;#000000&#8243; divider_weight=&#8221;5px&#8221; _builder_version=&#8221;3.23.3&#8243; width=&#8221;150px&#8221;][\/et_pb_divider][et_pb_text _builder_version=&#8221;4.0.11&#8243; text_font=&#8221;Montserrat|300|||||||&#8221; text_font_size=&#8221;18px&#8221; text_line_height=&#8221;1.8em&#8221; header_2_font=&#8221;Freepn3||||||||&#8221; header_2_font_size=&#8221;32px&#8221; text_font_size_tablet=&#8221;&#8221; text_font_size_phone=&#8221;15px&#8221; text_font_size_last_edited=&#8221;on|desktop&#8221;]<\/p>\n<h2>Egerszal\u00f3k<\/h2>\n<p>You can reach the village and its salt hills within a few minutes. The hills are unique in Europe and were formed by the surfacing thermal water, creating a 12.000m 2 sediment. Once you are in the village do not miss the cave houses that were turned into a museum.[\/et_pb_text][\/et_pb_column][et_pb_column type=&#8221;3_5&#8243; _builder_version=&#8221;3.25&#8243; custom_padding=&#8221;|||&#8221; custom_padding__hover=&#8221;|||&#8221;][et_pb_image src=&#8221;https:\/\/bodzavendeghaz.hu\/wp-content\/uploads\/2020\/01\/egerszalok.jpg&#8221; _builder_version=&#8221;4.0.11&#8243;][\/et_pb_image][\/et_pb_column][\/et_pb_row][\/et_pb_section]<\/p>\n","protected":false},"excerpt":{"rendered":"<p>SightsDemj\u00e9n The Demj\u00e9n Thermal Spa and Cave Bath are within 5 minutes&#8217; walking distance from the guesthouse. Moreover, the salt hill and spa of Egerszal\u00f3k is reachable by car in a few minutes. For those who are seeking the Turkish bath, we can offer one in Eger, which is 15 minutes from Demj\u00e9n. Demj\u00e9ni Term\u00e1l [&hellip;]<\/p>\n","protected":false},"author":1,"featured_media":0,"parent":0,"menu_order":0,"comment_status":"closed","ping_status":"closed","template":"","meta":{"_et_pb_use_builder":"on","_et_pb_old_content":"","_et_gb_content_width":"","footnotes":""},"class_list":["post-947","page","type-page","status-publish","hentry"],"yoast_head":"<!-- This site is optimized with the Yoast SEO Premium plugin v15.2.1 - https:\/\/yoast.com\/wordpress\/plugins\/seo\/ -->\n<title>Sights - Bodza Vend\u00e9gh\u00e1z<\/title>\n<meta name=\"robots\" content=\"index, follow, max-snippet:-1, max-image-preview:large, max-video-preview:-1\" \/>\n<link rel=\"canonical\" href=\"https:\/\/bodzavendeghaz.hu\/en\/sights\/\" \/>\n<meta property=\"og:locale\" content=\"en_US\" \/>\n<meta property=\"og:type\" content=\"article\" \/>\n<meta property=\"og:title\" content=\"Sights - Bodza Vend\u00e9gh\u00e1z\" \/>\n<meta property=\"og:description\" content=\"SightsDemj\u00e9n The Demj\u00e9n Thermal Spa and Cave Bath are within 5 minutes&#039; walking distance from the guesthouse. Moreover, the salt hill and spa of Egerszal\u00f3k is reachable by car in a few minutes. For those who are seeking the Turkish bath, we can offer one in Eger, which is 15 minutes from Demj\u00e9n. Demj\u00e9ni Term\u00e1l [&hellip;]\" \/>\n<meta property=\"og:url\" content=\"https:\/\/bodzavendeghaz.hu\/en\/sights\/\" \/>\n<meta property=\"og:site_name\" content=\"Bodza Vend\u00e9gh\u00e1z\" \/>\n<meta property=\"article:publisher\" content=\"https:\/\/www.facebook.com\/Bodza-vend%c3%a9gh%c3%a1z-Demj%c3%a9n-%c3%a9s-Bodza-apartmanok-Eger-133326593426125\" \/>\n<meta name=\"twitter:card\" content=\"summary_large_image\" \/>\n<meta name=\"twitter:label1\" content=\"Written by\">\n\t<meta name=\"twitter:data1\" content=\"tamas.buza\">\n\t<meta name=\"twitter:label2\" content=\"Est. reading time\">\n\t<meta name=\"twitter:data2\" content=\"5 minutes\">\n<script type=\"application\/ld+json\" class=\"yoast-schema-graph\">{\"@context\":\"https:\/\/schema.org\",\"@graph\":[{\"@type\":\"Organization\",\"@id\":\"https:\/\/bodzavendeghaz.hu\/#organization\",\"name\":\"Bodza Vend\\u00e9gh\\u00e1z\",\"url\":\"https:\/\/bodzavendeghaz.hu\/\",\"sameAs\":[\"https:\/\/www.facebook.com\/Bodza-vend\\u00e9gh\\u00e1z-Demj\\u00e9n-\\u00e9s-Bodza-apartmanok-Eger-133326593426125\",\"https:\/\/www.instagram.com\/bodza_vendeghaz_demjen\/\"],\"logo\":{\"@type\":\"ImageObject\",\"@id\":\"https:\/\/bodzavendeghaz.hu\/#logo\",\"inLanguage\":\"en-US\",\"url\":\"https:\/\/bodzavendeghaz.hu\/wp-content\/uploads\/2019\/12\/logo11.jpg\",\"width\":595,\"height\":283,\"caption\":\"Bodza Vend\\u00e9gh\\u00e1z\"},\"image\":{\"@id\":\"https:\/\/bodzavendeghaz.hu\/#logo\"}},{\"@type\":\"WebSite\",\"@id\":\"https:\/\/bodzavendeghaz.hu\/#website\",\"url\":\"https:\/\/bodzavendeghaz.hu\/\",\"name\":\"Bodza Vend\\u00e9gh\\u00e1z\",\"description\":\"Demj\\u00e9ni sz\\u00e1ll\\u00e1s az \\u00e9lm\\u00e9nyf\\u00fcrd\\u0151 k\\u00f6zel\\u00e9ben.\",\"publisher\":{\"@id\":\"https:\/\/bodzavendeghaz.hu\/#organization\"},\"potentialAction\":[{\"@type\":\"SearchAction\",\"target\":\"https:\/\/bodzavendeghaz.hu\/?s={search_term_string}\",\"query-input\":\"required name=search_term_string\"}],\"inLanguage\":\"en-US\"},{\"@type\":\"WebPage\",\"@id\":\"https:\/\/bodzavendeghaz.hu\/en\/sights\/#webpage\",\"url\":\"https:\/\/bodzavendeghaz.hu\/en\/sights\/\",\"name\":\"Sights - Bodza Vend\\u00e9gh\\u00e1z\",\"isPartOf\":{\"@id\":\"https:\/\/bodzavendeghaz.hu\/#website\"},\"datePublished\":\"2020-03-03T17:06:31+00:00\",\"dateModified\":\"2020-03-03T17:06:31+00:00\",\"inLanguage\":\"en-US\",\"potentialAction\":[{\"@type\":\"ReadAction\",\"target\":[\"https:\/\/bodzavendeghaz.hu\/en\/sights\/\"]}]}]}<\/script>\n<!-- \/ Yoast SEO Premium plugin. -->","amp_enabled":true,"_links":{"self":[{"href":"https:\/\/bodzavendeghaz.hu\/en\/wp-json\/wp\/v2\/pages\/947","targetHints":{"allow":["GET"]}}],"collection":[{"href":"https:\/\/bodzavendeghaz.hu\/en\/wp-json\/wp\/v2\/pages"}],"about":[{"href":"https:\/\/bodzavendeghaz.hu\/en\/wp-json\/wp\/v2\/types\/page"}],"author":[{"embeddable":true,"href":"https:\/\/bodzavendeghaz.hu\/en\/wp-json\/wp\/v2\/users\/1"}],"replies":[{"embeddable":true,"href":"https:\/\/bodzavendeghaz.hu\/en\/wp-json\/wp\/v2\/comments?post=947"}],"version-history":[{"count":2,"href":"https:\/\/bodzavendeghaz.hu\/en\/wp-json\/wp\/v2\/pages\/947\/revisions"}],"predecessor-version":[{"id":949,"href":"https:\/\/bodzavendeghaz.hu\/en\/wp-json\/wp\/v2\/pages\/947\/revisions\/949"}],"wp:attachment":[{"href":"https:\/\/bodzavendeghaz.hu\/en\/wp-json\/wp\/v2\/media?parent=947"}],"curies":[{"name":"wp","href":"https:\/\/api.w.org\/{rel}","templated":true}]}}